{"id":5650,"date":"2019-02-03T10:53:32","date_gmt":"2019-02-03T09:53:32","guid":{"rendered":"http:\/\/www.champagne-sur-loue.fr\/?page_id=5650"},"modified":"2019-02-03T10:54:57","modified_gmt":"2019-02-03T09:54:57","slug":"histoire","status":"publish","type":"page","link":"https:\/\/www.champagne-sur-loue.fr\/index.php\/histoire\/","title":{"rendered":"Histoire"},"content":{"rendered":"\n\n<div class=\"su-posts su-posts-default-loop\">\n\n\t\n\t\t\n\t\t\t<div id=\"su-post-5769\" class=\"su-post\">\n\n\t\t\t\t\t\t\t\t\t<a class=\"su-post-thumbnail\" href=\"https:\/\/www.champagne-sur-loue.fr\/index.php\/2019\/02\/20\/eglise-de-champagne-sur-loue\/\"><img width=\"5472\" height=\"3648\" src=\"https:\/\/www.champagne-sur-loue.fr\/wp-content\/uploads\/2018\/12\/DJI_0016.jpg\" class=\"attachment-post-thumbnail size-post-thumbnail wp-post-image\" alt=\"\" loading=\"lazy\" srcset=\"https:\/\/www.champagne-sur-loue.fr\/wp-content\/uploads\/2018\/12\/DJI_0016.jpg 5472w, https:\/\/www.champagne-sur-loue.fr\/wp-content\/uploads\/2018\/12\/DJI_0016-300x200.jpg 300w, https:\/\/www.champagne-sur-loue.fr\/wp-content\/uploads\/2018\/12\/DJI_0016-768x512.jpg 768w, https:\/\/www.champagne-sur-loue.fr\/wp-content\/uploads\/2018\/12\/DJI_0016-1024x683.jpg 1024w\" sizes=\"(max-width: 5472px) 100vw, 5472px\" \/><\/a>\n\t\t\t\t\n\t\t\t\t<h2 class=\"su-post-title\"><a href=\"https:\/\/www.champagne-sur-loue.fr\/index.php\/2019\/02\/20\/eglise-de-champagne-sur-loue\/\">EGLISE DE CHAMPAGNE-SUR-LOUE<\/a><\/h2>\n\n\t\t\t\t<div class=\"su-post-meta\">\n\t\t\t\t\tPubli\u00e9: 20 f\u00e9vrier 2019\t\t\t\t<\/div>\n\n\t\t\t\t<div class=\"su-post-excerpt\">\n\t\t\t\t\t<p>Selon Alphonse Rousset, Dictionnaire g\u00e9ographie, historique et statistique des Communes de Franche-Comt\u00e9 (t.1,1853, p. 406-410), Champagne d\u00e9pendait jusqu\u2019en 1826 de la paroisse de Liesle Rapport visite Champagne sur Loue &#8211; octobre 2017-\u00a0r\u00e9dig\u00e9\u00a0par\u00a0Sylvie\u00a0de\u00a0VESVROTTE<\/p>\n\t\t\t\t<\/div>\n\n\t\t\t\t\n\t\t\t<\/div>\n\n\t\t\n\t\t\t<div id=\"su-post-5596\" class=\"su-post\">\n\n\t\t\t\t\n\t\t\t\t<h2 class=\"su-post-title\"><a href=\"https:\/\/www.champagne-sur-loue.fr\/index.php\/2019\/02\/01\/un-peu-dhistoire\/\">Un peu d&#8217;Histoire<\/a><\/h2>\n\n\t\t\t\t<div class=\"su-post-meta\">\n\t\t\t\t\tPubli\u00e9: 1 f\u00e9vrier 2019\t\t\t\t<\/div>\n\n\t\t\t\t<div class=\"su-post-excerpt\">\n\t\t\t\t\t<p>A l\u2019\u00e9cart des grands axes de circulation, Champagne sur Loue se niche dans une boucle de la rivi\u00e8re, la Loue.&nbsp;Marqu\u00e9 par son pass\u00e9 viticole, ce village de 130 habitants a su pr\u00e9server son cachet architectural. Les b\u00e2tisses \u00e9difi\u00e9es en pierre locale, avec des portes de granges et des entr\u00e9es de caves caract\u00e9ristiques, expriment la chaleur &hellip;<\/p>\n\t\t\t\t<\/div>\n\n\t\t\t\t\n\t\t\t<\/div>\n\n\t\t\n\t\n<\/div>\n\n\n\n\n<p><\/p>\n","protected":false},"excerpt":{"rendered":"","protected":false},"author":1,"featured_media":0,"parent":0,"menu_order":0,"comment_status":"closed","ping_status":"closed","template":"template-fullwidth.php","meta":[],"_links":{"self":[{"href":"https:\/\/www.champagne-sur-loue.fr\/index.php\/wp-json\/wp\/v2\/pages\/5650"}],"collection":[{"href":"https:\/\/www.champagne-sur-loue.fr\/index.php\/wp-json\/wp\/v2\/pages"}],"about":[{"href":"https:\/\/www.champagne-sur-loue.fr\/index.php\/wp-json\/wp\/v2\/types\/page"}],"author":[{"embeddable":true,"href":"https:\/\/www.champagne-sur-loue.fr\/index.php\/wp-json\/wp\/v2\/users\/1"}],"replies":[{"embeddable":true,"href":"https:\/\/www.champagne-sur-loue.fr\/index.php\/wp-json\/wp\/v2\/comments?post=5650"}],"version-history":[{"count":2,"href":"https:\/\/www.champagne-sur-loue.fr\/index.php\/wp-json\/wp\/v2\/pages\/5650\/revisions"}],"predecessor-version":[{"id":5653,"href":"https:\/\/www.champagne-sur-loue.fr\/index.php\/wp-json\/wp\/v2\/pages\/5650\/revisions\/5653"}],"wp:attachment":[{"href":"https:\/\/www.champagne-sur-loue.fr\/index.php\/wp-json\/wp\/v2\/media?parent=5650"}],"curies":[{"name":"wp","href":"https:\/\/api.w.org\/{rel}","templated":true}]}}