{"id":5538,"date":"2019-01-25T09:20:26","date_gmt":"2019-01-25T08:20:26","guid":{"rendered":"http:\/\/www.champagne-sur-loue.fr\/?page_id=5538"},"modified":"2019-03-05T23:45:30","modified_gmt":"2019-03-05T22:45:30","slug":"natura-2000","status":"publish","type":"page","link":"https:\/\/www.champagne-sur-loue.fr\/index.php\/environnement\/natura-2000\/","title":{"rendered":"Natura 2000"},"content":{"rendered":"\n<p>Champagne-sur-Loue fait partie int\u00e9grante du site <a href=\"http:\/\/valleeslouelison.n2000.fr\/decouvrir-le-reseau-natura-2000\/site-natura-2000-loue-lison\" target=\"_blank\" rel=\"noreferrer noopener\" aria-label=\" (s\u2019ouvre dans un nouvel onglet)\">Natura 2000 Vall\u00e9es de la Loue et du Lison<\/a>.<\/p>\n\n\n\n<p>Au sein des sites Natura 2000 du r\u00e9seau \u00e9cologique europ\u00e9en, l&#8217;objectif est de<strong>&nbsp;concilier les exigences \u00e9cologiques des habitats naturels et des esp\u00e8ces avec les activit\u00e9s \u00e9conomiques sociales et culturelles ou les particularit\u00e9s locales.<\/strong><\/p>\n\n\n\n<p>Il est maintenant acquis que la biodiversit\u00e9&nbsp; est&nbsp; un&nbsp; patrimoine commun et repr\u00e9sente en ce sens un enjeu de conservation mondial. Ce patrimoine est fragile et fragilis\u00e9 par nos activit\u00e9s (am\u00e9nagements et fragmentation des espaces naturels, pollutions diverses ponctuelles et diffuses, transports et propagation d&#8217;esp\u00e8ces invasives, et le changement climatique&#8230;.). <\/p>\n\n\n\n<p><\/p>\n\n\n\n\n<div class=\"su-posts su-posts-default-loop\">\n\n\t\t\t<h4>Articles non trouv\u00e9s<\/h4>\n\t\n<\/div>\n\n","protected":false},"excerpt":{"rendered":"<p>Champagne-sur-Loue fait partie int\u00e9grante du site Natura 2000 Vall\u00e9es de la Loue et du Lison. Au sein des sites Natura 2000 du r\u00e9seau \u00e9cologique europ\u00e9en, l&#8217;objectif est de&nbsp;concilier les exigences \u00e9cologiques des habitats naturels et des esp\u00e8ces avec les activit\u00e9s \u00e9conomiques sociales et culturelles ou les particularit\u00e9s locales. Il est maintenant acquis que la biodiversit\u00e9&nbsp; &hellip;<\/p>\n","protected":false},"author":3,"featured_media":0,"parent":5240,"menu_order":1,"comment_status":"closed","ping_status":"closed","template":"template-fullwidth.php","meta":[],"_links":{"self":[{"href":"https:\/\/www.champagne-sur-loue.fr\/index.php\/wp-json\/wp\/v2\/pages\/5538"}],"collection":[{"href":"https:\/\/www.champagne-sur-loue.fr\/index.php\/wp-json\/wp\/v2\/pages"}],"about":[{"href":"https:\/\/www.champagne-sur-loue.fr\/index.php\/wp-json\/wp\/v2\/types\/page"}],"author":[{"embeddable":true,"href":"https:\/\/www.champagne-sur-loue.fr\/index.php\/wp-json\/wp\/v2\/users\/3"}],"replies":[{"embeddable":true,"href":"https:\/\/www.champagne-sur-loue.fr\/index.php\/wp-json\/wp\/v2\/comments?post=5538"}],"version-history":[{"count":8,"href":"https:\/\/www.champagne-sur-loue.fr\/index.php\/wp-json\/wp\/v2\/pages\/5538\/revisions"}],"predecessor-version":[{"id":5894,"href":"https:\/\/www.champagne-sur-loue.fr\/index.php\/wp-json\/wp\/v2\/pages\/5538\/revisions\/5894"}],"up":[{"embeddable":true,"href":"https:\/\/www.champagne-sur-loue.fr\/index.php\/wp-json\/wp\/v2\/pages\/5240"}],"wp:attachment":[{"href":"https:\/\/www.champagne-sur-loue.fr\/index.php\/wp-json\/wp\/v2\/media?parent=5538"}],"curies":[{"name":"wp","href":"https:\/\/api.w.org\/{rel}","templated":true}]}}