{"id":5529,"date":"2019-01-18T10:55:28","date_gmt":"2019-01-18T09:55:28","guid":{"rendered":"http:\/\/www.champagne-sur-loue.fr\/?page_id=5529"},"modified":"2019-02-01T11:41:58","modified_gmt":"2019-02-01T10:41:58","slug":"portraits","status":"publish","type":"page","link":"https:\/\/www.champagne-sur-loue.fr\/index.php\/portraits\/","title":{"rendered":"Portraits"},"content":{"rendered":"\n\n<div class=\"su-posts su-posts-default-loop\">\n\n\t\n\t\t\n\t\t\t<div id=\"su-post-6382\" class=\"su-post\">\n\n\t\t\t\t\t\t\t\t\t<a class=\"su-post-thumbnail\" href=\"https:\/\/www.champagne-sur-loue.fr\/index.php\/2020\/10\/23\/safran\/\"><img width=\"650\" height=\"322\" src=\"https:\/\/www.champagne-sur-loue.fr\/wp-content\/uploads\/2020\/10\/crocus-sativus-fleurs-173955.jpg\" class=\"attachment-post-thumbnail size-post-thumbnail wp-post-image\" alt=\"\" loading=\"lazy\" srcset=\"https:\/\/www.champagne-sur-loue.fr\/wp-content\/uploads\/2020\/10\/crocus-sativus-fleurs-173955.jpg 650w, https:\/\/www.champagne-sur-loue.fr\/wp-content\/uploads\/2020\/10\/crocus-sativus-fleurs-173955-300x149.jpg 300w\" sizes=\"(max-width: 650px) 100vw, 650px\" \/><\/a>\n\t\t\t\t\n\t\t\t\t<h2 class=\"su-post-title\"><a href=\"https:\/\/www.champagne-sur-loue.fr\/index.php\/2020\/10\/23\/safran\/\">Safran<\/a><\/h2>\n\n\t\t\t\t<div class=\"su-post-meta\">\n\t\t\t\t\tPubli\u00e9: 23 octobre 2020\t\t\t\t<\/div>\n\n\t\t\t\t<div class=\"su-post-excerpt\">\n\t\t\t\t\t<p>La r\u00e9colte du Safran a commenc\u00e9, Infos : Les Saveurs du Val d&#8217;Amour : 27 rue du pav\u00e9 39600 Champagne-sur-Loue lessaveursvaldamour@gmail.com<\/p>\n\t\t\t\t<\/div>\n\n\t\t\t\t\n\t\t\t<\/div>\n\n\t\t\n\t\t\t<div id=\"su-post-5589\" class=\"su-post\">\n\n\t\t\t\t\t\t\t\t\t<a class=\"su-post-thumbnail\" href=\"https:\/\/www.champagne-sur-loue.fr\/index.php\/2019\/02\/01\/m-christophe-lanoe\/\"><img width=\"2592\" height=\"1728\" src=\"https:\/\/www.champagne-sur-loue.fr\/wp-content\/uploads\/2019\/02\/IMG_9609.jpg\" class=\"attachment-post-thumbnail size-post-thumbnail wp-post-image\" alt=\"\" loading=\"lazy\" srcset=\"https:\/\/www.champagne-sur-loue.fr\/wp-content\/uploads\/2019\/02\/IMG_9609.jpg 2592w, https:\/\/www.champagne-sur-loue.fr\/wp-content\/uploads\/2019\/02\/IMG_9609-300x200.jpg 300w, https:\/\/www.champagne-sur-loue.fr\/wp-content\/uploads\/2019\/02\/IMG_9609-768x512.jpg 768w, https:\/\/www.champagne-sur-loue.fr\/wp-content\/uploads\/2019\/02\/IMG_9609-1024x683.jpg 1024w\" sizes=\"(max-width: 2592px) 100vw, 2592px\" \/><\/a>\n\t\t\t\t\n\t\t\t\t<h2 class=\"su-post-title\"><a href=\"https:\/\/www.champagne-sur-loue.fr\/index.php\/2019\/02\/01\/m-christophe-lanoe\/\">Christophe LANOE<\/a><\/h2>\n\n\t\t\t\t<div class=\"su-post-meta\">\n\t\t\t\t\tPubli\u00e9: 1 f\u00e9vrier 2019\t\t\t\t<\/div>\n\n\t\t\t\t<div class=\"su-post-excerpt\">\n\t\t\t\t\t<p>Les Saveurs du Val d&#8217;Amour Implant\u00e9 depuis 2016 \u00e0 Champagne-sur-Loue, M. Christophe LANOE cultive avec passion le Crocus Sativus plus connu sous le nom de Safran. Soucieux de la qualit\u00e9 de sa production et du respect de l&#8217;environnement, c&#8217;est tout naturellement qu&#8217;il s&#8217;est tourn\u00e9 vers une agriculture Biologique. Riche de son exp\u00e9rience de Restaurateur, il &hellip;<\/p>\n\t\t\t\t<\/div>\n\n\t\t\t\t\n\t\t\t<\/div>\n\n\t\t\n\t\t\t<div id=\"su-post-5583\" class=\"su-post\">\n\n\t\t\t\t\t\t\t\t\t<a class=\"su-post-thumbnail\" href=\"https:\/\/www.champagne-sur-loue.fr\/index.php\/2019\/02\/01\/gerard-servant\/\"><img width=\"4608\" height=\"3456\" src=\"https:\/\/www.champagne-sur-loue.fr\/wp-content\/uploads\/2019\/01\/devant-de-cave-juin-2018-013-4.jpg\" class=\"attachment-post-thumbnail size-post-thumbnail wp-post-image\" alt=\"\" loading=\"lazy\" srcset=\"https:\/\/www.champagne-sur-loue.fr\/wp-content\/uploads\/2019\/01\/devant-de-cave-juin-2018-013-4.jpg 4608w, https:\/\/www.champagne-sur-loue.fr\/wp-content\/uploads\/2019\/01\/devant-de-cave-juin-2018-013-4-300x225.jpg 300w, https:\/\/www.champagne-sur-loue.fr\/wp-content\/uploads\/2019\/01\/devant-de-cave-juin-2018-013-4-768x576.jpg 768w, https:\/\/www.champagne-sur-loue.fr\/wp-content\/uploads\/2019\/01\/devant-de-cave-juin-2018-013-4-1024x768.jpg 1024w\" sizes=\"(max-width: 4608px) 100vw, 4608px\" \/><\/a>\n\t\t\t\t\n\t\t\t\t<h2 class=\"su-post-title\"><a href=\"https:\/\/www.champagne-sur-loue.fr\/index.php\/2019\/02\/01\/gerard-servant\/\">G\u00e9rard SERVANT<\/a><\/h2>\n\n\t\t\t\t<div class=\"su-post-meta\">\n\t\t\t\t\tPubli\u00e9: 1 f\u00e9vrier 2019\t\t\t\t<\/div>\n\n\t\t\t\t<div class=\"su-post-excerpt\">\n\t\t\t\t\t<p>Propri\u00e9taire r\u00e9coltant, depuis 1992 Exploite des parcelles de vigne situ\u00e9es sur le coteau de Champagne-sur-Loue, lieu-dit &#8220;En Grimonin&#8221; et &#8220;Aux Plantes&#8221;, \u00e0 proximit\u00e9 de la Vigne Conservatoire, soleil levant. Privil\u00e9gie un mode de production en culture raisonn\u00e9e en ayant recours \u00e0 l&#8217;\u00e9levage traditionnel en cave, en f\u00fbts de ch\u00eane, perp\u00e9tuant ainsi les m\u00e9thodes de travail &hellip;<\/p>\n\t\t\t\t<\/div>\n\n\t\t\t\t\n\t\t\t<\/div>\n\n\t\t\n\t\n<\/div>\n\n","protected":false},"excerpt":{"rendered":"","protected":false},"author":1,"featured_media":0,"parent":0,"menu_order":0,"comment_status":"closed","ping_status":"closed","template":"template-fullwidth.php","meta":[],"_links":{"self":[{"href":"https:\/\/www.champagne-sur-loue.fr\/index.php\/wp-json\/wp\/v2\/pages\/5529"}],"collection":[{"href":"https:\/\/www.champagne-sur-loue.fr\/index.php\/wp-json\/wp\/v2\/pages"}],"about":[{"href":"https:\/\/www.champagne-sur-loue.fr\/index.php\/wp-json\/wp\/v2\/types\/page"}],"author":[{"embeddable":true,"href":"https:\/\/www.champagne-sur-loue.fr\/index.php\/wp-json\/wp\/v2\/users\/1"}],"replies":[{"embeddable":true,"href":"https:\/\/www.champagne-sur-loue.fr\/index.php\/wp-json\/wp\/v2\/comments?post=5529"}],"version-history":[{"count":2,"href":"https:\/\/www.champagne-sur-loue.fr\/index.php\/wp-json\/wp\/v2\/pages\/5529\/revisions"}],"predecessor-version":[{"id":5588,"href":"https:\/\/www.champagne-sur-loue.fr\/index.php\/wp-json\/wp\/v2\/pages\/5529\/revisions\/5588"}],"wp:attachment":[{"href":"https:\/\/www.champagne-sur-loue.fr\/index.php\/wp-json\/wp\/v2\/media?parent=5529"}],"curies":[{"name":"wp","href":"https:\/\/api.w.org\/{rel}","templated":true}]}}