{"id":5499,"date":"2019-01-17T16:22:21","date_gmt":"2019-01-17T15:22:21","guid":{"rendered":"http:\/\/www.champagne-sur-loue.fr\/?page_id=5499"},"modified":"2019-02-02T22:51:34","modified_gmt":"2019-02-02T21:51:34","slug":"infos-pratiques","status":"publish","type":"page","link":"https:\/\/www.champagne-sur-loue.fr\/index.php\/infos-pratiques\/","title":{"rendered":"Infos Mairie"},"content":{"rendered":"\n\n<div class=\"su-posts su-posts-default-loop\">\n\n\t\n\t\t\n\t\t\t<div id=\"su-post-5304\" class=\"su-post\">\n\n\t\t\t\t\t\t\t\t\t<a class=\"su-post-thumbnail\" href=\"https:\/\/www.champagne-sur-loue.fr\/index.php\/2022\/03\/10\/bulletin-municipal\/\"><img width=\"1660\" height=\"1660\" src=\"https:\/\/www.champagne-sur-loue.fr\/wp-content\/uploads\/2019\/01\/mairie.jpg\" class=\"attachment-post-thumbnail size-post-thumbnail wp-post-image\" alt=\"\" loading=\"lazy\" srcset=\"https:\/\/www.champagne-sur-loue.fr\/wp-content\/uploads\/2019\/01\/mairie.jpg 1660w, https:\/\/www.champagne-sur-loue.fr\/wp-content\/uploads\/2019\/01\/mairie-150x150.jpg 150w, https:\/\/www.champagne-sur-loue.fr\/wp-content\/uploads\/2019\/01\/mairie-300x300.jpg 300w, https:\/\/www.champagne-sur-loue.fr\/wp-content\/uploads\/2019\/01\/mairie-768x768.jpg 768w, https:\/\/www.champagne-sur-loue.fr\/wp-content\/uploads\/2019\/01\/mairie-1024x1024.jpg 1024w, https:\/\/www.champagne-sur-loue.fr\/wp-content\/uploads\/2019\/01\/mairie-60x60.jpg 60w\" sizes=\"(max-width: 1660px) 100vw, 1660px\" \/><\/a>\n\t\t\t\t\n\t\t\t\t<h2 class=\"su-post-title\"><a href=\"https:\/\/www.champagne-sur-loue.fr\/index.php\/2022\/03\/10\/bulletin-municipal\/\">Bulletin Municipal<\/a><\/h2>\n\n\t\t\t\t<div class=\"su-post-meta\">\n\t\t\t\t\tPubli\u00e9: 10 mars 2022\t\t\t\t<\/div>\n\n\t\t\t\t<div class=\"su-post-excerpt\">\n\t\t\t\t\t\t\t\t\t<\/div>\n\n\t\t\t\t\n\t\t\t<\/div>\n\n\t\t\n\t\t\t<div id=\"su-post-5957\" class=\"su-post\">\n\n\t\t\t\t\t\t\t\t\t<a class=\"su-post-thumbnail\" href=\"https:\/\/www.champagne-sur-loue.fr\/index.php\/2020\/07\/09\/agenda\/\"><img width=\"800\" height=\"800\" src=\"https:\/\/www.champagne-sur-loue.fr\/wp-content\/uploads\/2016\/06\/actu-1.jpg\" class=\"attachment-post-thumbnail size-post-thumbnail wp-post-image\" alt=\"\" loading=\"lazy\" srcset=\"https:\/\/www.champagne-sur-loue.fr\/wp-content\/uploads\/2016\/06\/actu-1.jpg 800w, https:\/\/www.champagne-sur-loue.fr\/wp-content\/uploads\/2016\/06\/actu-1-150x150.jpg 150w, https:\/\/www.champagne-sur-loue.fr\/wp-content\/uploads\/2016\/06\/actu-1-300x300.jpg 300w, https:\/\/www.champagne-sur-loue.fr\/wp-content\/uploads\/2016\/06\/actu-1-768x768.jpg 768w, https:\/\/www.champagne-sur-loue.fr\/wp-content\/uploads\/2016\/06\/actu-1-60x60.jpg 60w\" sizes=\"(max-width: 800px) 100vw, 800px\" \/><\/a>\n\t\t\t\t\n\t\t\t\t<h2 class=\"su-post-title\"><a href=\"https:\/\/www.champagne-sur-loue.fr\/index.php\/2020\/07\/09\/agenda\/\">Services des Imp\u00f4ts<\/a><\/h2>\n\n\t\t\t\t<div class=\"su-post-meta\">\n\t\t\t\t\tPubli\u00e9: 9 juillet 2020\t\t\t\t<\/div>\n\n\t\t\t\t<div class=\"su-post-excerpt\">\n\t\t\t\t\t<p>A partir du 1er janvier 2021 : Le service des Imp\u00f4ts des Particuliers de Poligny est transf\u00e9r\u00e9 au Service des Imp\u00f4ts des Particuliers de Dole Contact : 136 avenue L\u00e9on Jouhaux 39100 DOLE 03 84 72 25 82 Pour une visite, prendre rendez vous soit par t\u00e9l\u00e9phone ou sur impot.gouv.fr, rubrique contact<\/p>\n\t\t\t\t<\/div>\n\n\t\t\t\t\n\t\t\t<\/div>\n\n\t\t\n\t\n<\/div>\n\n","protected":false},"excerpt":{"rendered":"","protected":false},"author":1,"featured_media":0,"parent":0,"menu_order":0,"comment_status":"closed","ping_status":"closed","template":"template-fullwidth.php","meta":[],"_links":{"self":[{"href":"https:\/\/www.champagne-sur-loue.fr\/index.php\/wp-json\/wp\/v2\/pages\/5499"}],"collection":[{"href":"https:\/\/www.champagne-sur-loue.fr\/index.php\/wp-json\/wp\/v2\/pages"}],"about":[{"href":"https:\/\/www.champagne-sur-loue.fr\/index.php\/wp-json\/wp\/v2\/types\/page"}],"author":[{"embeddable":true,"href":"https:\/\/www.champagne-sur-loue.fr\/index.php\/wp-json\/wp\/v2\/users\/1"}],"replies":[{"embeddable":true,"href":"https:\/\/www.champagne-sur-loue.fr\/index.php\/wp-json\/wp\/v2\/comments?post=5499"}],"version-history":[{"count":4,"href":"https:\/\/www.champagne-sur-loue.fr\/index.php\/wp-json\/wp\/v2\/pages\/5499\/revisions"}],"predecessor-version":[{"id":5689,"href":"https:\/\/www.champagne-sur-loue.fr\/index.php\/wp-json\/wp\/v2\/pages\/5499\/revisions\/5689"}],"wp:attachment":[{"href":"https:\/\/www.champagne-sur-loue.fr\/index.php\/wp-json\/wp\/v2\/media?parent=5499"}],"curies":[{"name":"wp","href":"https:\/\/api.w.org\/{rel}","templated":true}]}}