{"id":5185,"date":"2018-12-03T22:04:28","date_gmt":"2018-12-03T21:04:28","guid":{"rendered":"http:\/\/www.champagne-sur-loue.fr\/?page_id=5185"},"modified":"2021-12-24T14:00:21","modified_gmt":"2021-12-24T13:00:21","slug":"plu","status":"publish","type":"page","link":"https:\/\/www.champagne-sur-loue.fr\/index.php\/plu\/","title":{"rendered":"URBANISME"},"content":{"rendered":"\n<p class=\"has-text-color has-background has-text-align-center has-normal-font-size has-vivid-red-color has-pale-cyan-blue-background-color\"><strong>A partir du 1er janvier 2022, vous pourrez d\u00e9poser vos dossiers par voie d\u00e9mat\u00e9rialis\u00e9e, sur le site de la Communaut\u00e9 du Val d&#8217;Amour en cliquant sur le lien suivant :<\/strong><\/p>\n\n\n\n<p class=\"has-text-align-center\"><a href=\"https:\/\/www.valdamour.com\/les-permis-de-construire-et-certificats-d-urbanisme.htm\"><strong>https:\/\/www.valdamour.com\/les-permis-de-construire-et-certificats-d-urbanisme.htm<\/strong><\/a><br>Renseignements : service urbanisme Val d&#8217;Amour, 03 84 51 99 44 ou <a href=\"mailto:urbanisme@valdamour.com\">urbanisme@valdamour.com<\/a><\/p>\n\n\n\n<p>                                                  <\/p>\n\n\n\n<p>                                    <\/p>\n\n\n\n<p class=\"has-text-align-center\"><strong>PLUI <\/strong><br>Elaboration prescrite par d\u00e9lib\u00e9ration du conseil communautaire : le 24 septembre 2012.<br>Approuv\u00e9 par le conseil communautaire : le 2 mai 2017<br>Ex\u00e9cutoire depuis le 1er juillet 2017<\/p>\n\n\n\n<p class=\"has-text-color has-text-align-center has-vivid-cyan-blue-color\"><a href=\"https:\/\/www.valdamour.com\/le-plan-local-d-urbanisme-intercommunal.htm\"><strong>https:\/\/www.valdamour.com\/le-plan-local-d-urbanisme-intercommunal.htm<\/strong><\/a><strong> <\/strong><\/p>\n\n\n\n<div class=\"wp-block-file aligncenter\"><a href=\"http:\/\/www.champagne-sur-loue.fr\/wp-content\/uploads\/2019\/02\/ZONAGE_CHAMPAGNEsLOUE_Mars2017_2.pdf\">PLUi &#8211; Champagne-sur-Loue &#8211; Mars 2017<\/a><a href=\"http:\/\/www.champagne-sur-loue.fr\/wp-content\/uploads\/2019\/02\/ZONAGE_CHAMPAGNEsLOUE_Mars2017_2.pdf\" class=\"wp-block-file__button\" download>T\u00e9l\u00e9charger<\/a><\/div>\n\n\n\n<figure class=\"wp-block-image\"><img loading=\"lazy\" width=\"724\" height=\"1024\" src=\"http:\/\/www.champagne-sur-loue.fr\/wp-content\/uploads\/2019\/02\/ZONAGE_CHAMPAGNEsLOUE_Mars2017_2-724x1024.jpg\" alt=\"\" class=\"wp-image-5668\" srcset=\"https:\/\/www.champagne-sur-loue.fr\/wp-content\/uploads\/2019\/02\/ZONAGE_CHAMPAGNEsLOUE_Mars2017_2-724x1024.jpg 724w, https:\/\/www.champagne-sur-loue.fr\/wp-content\/uploads\/2019\/02\/ZONAGE_CHAMPAGNEsLOUE_Mars2017_2-212x300.jpg 212w, https:\/\/www.champagne-sur-loue.fr\/wp-content\/uploads\/2019\/02\/ZONAGE_CHAMPAGNEsLOUE_Mars2017_2-768x1086.jpg 768w\" sizes=\"(max-width: 724px) 100vw, 724px\" \/><\/figure>\n","protected":false},"excerpt":{"rendered":"<p>A partir du 1er janvier 2022, vous pourrez d\u00e9poser vos dossiers par voie d\u00e9mat\u00e9rialis\u00e9e, sur le site de la Communaut\u00e9 du Val d&#8217;Amour en cliquant sur le lien suivant : https:\/\/www.valdamour.com\/les-permis-de-construire-et-certificats-d-urbanisme.htmRenseignements : service urbanisme Val d&#8217;Amour, 03 84 51 99 44 ou urbanisme@valdamour.com PLUI Elaboration prescrite par d\u00e9lib\u00e9ration du conseil communautaire : le 24 septembre &hellip;<\/p>\n","protected":false},"author":1,"featured_media":0,"parent":0,"menu_order":0,"comment_status":"closed","ping_status":"closed","template":"template-fullwidth.php","meta":[],"_links":{"self":[{"href":"https:\/\/www.champagne-sur-loue.fr\/index.php\/wp-json\/wp\/v2\/pages\/5185"}],"collection":[{"href":"https:\/\/www.champagne-sur-loue.fr\/index.php\/wp-json\/wp\/v2\/pages"}],"about":[{"href":"https:\/\/www.champagne-sur-loue.fr\/index.php\/wp-json\/wp\/v2\/types\/page"}],"author":[{"embeddable":true,"href":"https:\/\/www.champagne-sur-loue.fr\/index.php\/wp-json\/wp\/v2\/users\/1"}],"replies":[{"embeddable":true,"href":"https:\/\/www.champagne-sur-loue.fr\/index.php\/wp-json\/wp\/v2\/comments?post=5185"}],"version-history":[{"count":33,"href":"https:\/\/www.champagne-sur-loue.fr\/index.php\/wp-json\/wp\/v2\/pages\/5185\/revisions"}],"predecessor-version":[{"id":6559,"href":"https:\/\/www.champagne-sur-loue.fr\/index.php\/wp-json\/wp\/v2\/pages\/5185\/revisions\/6559"}],"wp:attachment":[{"href":"https:\/\/www.champagne-sur-loue.fr\/index.php\/wp-json\/wp\/v2\/media?parent=5185"}],"curies":[{"name":"wp","href":"https:\/\/api.w.org\/{rel}","templated":true}]}}