{"id":4947,"date":"2021-05-04T09:40:22","date_gmt":"2021-05-04T07:40:22","guid":{"rendered":"http:\/\/capethemes.com\/demo\/cityofwp\/?page_id=4947"},"modified":"2025-11-14T15:43:42","modified_gmt":"2025-11-14T14:43:42","slug":"tourisme","status":"publish","type":"page","link":"https:\/\/www.champagne-sur-loue.fr\/index.php\/tourisme\/","title":{"rendered":"Tourisme"},"content":{"rendered":"\n<p class=\"has-medium-font-size\"><\/p>\n\n\n<div class=\"wp-block-image\">\n<figure class=\"aligncenter size-large\"><img loading=\"lazy\" width=\"336\" height=\"253\" src=\"http:\/\/www.champagne-sur-loue.fr\/wp-content\/uploads\/2021\/05\/logo-louve.jpg\" alt=\"\" class=\"wp-image-6455\" srcset=\"https:\/\/www.champagne-sur-loue.fr\/wp-content\/uploads\/2021\/05\/logo-louve.jpg 336w, https:\/\/www.champagne-sur-loue.fr\/wp-content\/uploads\/2021\/05\/logo-louve-300x226.jpg 300w\" sizes=\"(max-width: 336px) 100vw, 336px\" \/><\/figure><\/div>\n\n<p><\/p>\n<p>C&#8217;est avec grand plaisir que nous vous pr\u00e9sentons le nouvel exploitant du <strong>Camping La Louve, <\/strong>ouverture pr\u00e9vue le 6 mai 2022.<strong><br><\/strong><\/p>\n<p><strong>Contact : <\/strong><strong>R2 Camping<\/strong><\/p>\n<p>T\u00e9l\u00e9phone : 09 51 43 34 11<\/p>\n<p>Mail : <a href=\"mailto:contact@camping-la-louve.com\">contact@camping-la-louve.com <\/a><\/p>\n<p>N\u2019h\u00e9sitez pas \u00e0 vous rendre sur le site Internet du Camping :<\/p>\n\n\n<p><a href=\"https:\/\/camping-la-louve.com\/#camping\">https:\/\/camping-la-louve.com\/#camping<\/a><\/p>\n\n\n\n<div class=\"wp-block-file\"><a id=\"wp-block-file--media-7b133b7b-9ada-43a3-ac19-1fc2ef7bb2d5\" href=\"http:\/\/www.champagne-sur-loue.fr\/wp-content\/uploads\/2022\/05\/FLYER-la-louve-2022.pdf\">FLYER-la-louve-2022<\/a><a href=\"http:\/\/www.champagne-sur-loue.fr\/wp-content\/uploads\/2022\/05\/FLYER-la-louve-2022.pdf\" class=\"wp-block-file__button\" download aria-describedby=\"wp-block-file--media-7b133b7b-9ada-43a3-ac19-1fc2ef7bb2d5\">T\u00e9l\u00e9charger<\/a><\/div>\n\n\n\n<p><\/p>\n","protected":false},"excerpt":{"rendered":"<p>C&#8217;est avec grand plaisir que nous vous pr\u00e9sentons le nouvel exploitant du Camping La Louve, ouverture pr\u00e9vue le 6 mai 2022. Contact : R2 Camping T\u00e9l\u00e9phone : 09 51 43 34 11 Mail : contact@camping-la-louve.com N\u2019h\u00e9sitez pas \u00e0 vous rendre sur le site Internet du Camping : https:\/\/camping-la-louve.com\/#camping<\/p>\n","protected":false},"author":1,"featured_media":6455,"parent":0,"menu_order":0,"comment_status":"closed","ping_status":"closed","template":"template-fullwidth.php","meta":[],"_links":{"self":[{"href":"https:\/\/www.champagne-sur-loue.fr\/index.php\/wp-json\/wp\/v2\/pages\/4947"}],"collection":[{"href":"https:\/\/www.champagne-sur-loue.fr\/index.php\/wp-json\/wp\/v2\/pages"}],"about":[{"href":"https:\/\/www.champagne-sur-loue.fr\/index.php\/wp-json\/wp\/v2\/types\/page"}],"author":[{"embeddable":true,"href":"https:\/\/www.champagne-sur-loue.fr\/index.php\/wp-json\/wp\/v2\/users\/1"}],"replies":[{"embeddable":true,"href":"https:\/\/www.champagne-sur-loue.fr\/index.php\/wp-json\/wp\/v2\/comments?post=4947"}],"version-history":[{"count":21,"href":"https:\/\/www.champagne-sur-loue.fr\/index.php\/wp-json\/wp\/v2\/pages\/4947\/revisions"}],"predecessor-version":[{"id":6867,"href":"https:\/\/www.champagne-sur-loue.fr\/index.php\/wp-json\/wp\/v2\/pages\/4947\/revisions\/6867"}],"wp:featuredmedia":[{"embeddable":true,"href":"https:\/\/www.champagne-sur-loue.fr\/index.php\/wp-json\/wp\/v2\/media\/6455"}],"wp:attachment":[{"href":"https:\/\/www.champagne-sur-loue.fr\/index.php\/wp-json\/wp\/v2\/media?parent=4947"}],"curies":[{"name":"wp","href":"https:\/\/api.w.org\/{rel}","templated":true}]}}