{"id":4638,"date":"2016-02-03T10:55:53","date_gmt":"2016-02-03T10:55:53","guid":{"rendered":"http:\/\/capethemes.com\/demo\/zmm\/land\/?page_id=4638"},"modified":"2024-04-05T11:12:21","modified_gmt":"2024-04-05T09:12:21","slug":"nous-contacter","status":"publish","type":"page","link":"https:\/\/www.champagne-sur-loue.fr\/index.php\/nous-contacter\/","title":{"rendered":"Nous contacter"},"content":{"rendered":"\n<p class=\"has-text-align-center has-medium-font-size\"><strong>MAIRIE de CHAMPAGNE-SUR-LOUE<\/strong><\/p>\n\n\n\n<p class=\"has-text-align-center has-medium-font-size\"><br>18 Rue du Pav\u00e9<br><strong>39600 CHAMPAGNE-SUR-LOUE<\/strong><\/p>\n\n\n\n<p class=\"has-text-align-center has-medium-font-size\"><br>T\u00e9l\u00e9phone : <strong>03 84 37 69 12<\/strong><br>email : <u>mairie.champagnesurloue@valdamour.com<\/u><\/p>\n\n\n\n<p class=\"has-text-align-center has-medium-font-size\"><br><strong>Permanence<\/strong><\/p>\n\n\n\n<p class=\"has-text-align-center\">La Maire ou l&#8217;un de ses adjoints vous accueille avec la Secr\u00e9taire de Mairie <br><strong>Vendredi de 10h \u00e0 12h ou 14h \u00e0 15h30<\/strong><br>ou + sur rendez-vous<br><br><\/p>\n\n\n<div id=\"wpgmza_map\" data-settings='{\"id\":\"1\",\"map_title\":\"CSL\",\"map_width\":\"90\",\"map_height\":\"400\",\"map_start_lat\":\"47.035762\",\"map_start_lng\":\"5.800327\",\"map_start_location\":\"47.03576229611812,5.800326708190095\",\"map_start_zoom\":\"13\",\"default_marker\":\"0\",\"type\":\"1\",\"alignment\":\"2\",\"directions_enabled\":\"1\",\"styling_enabled\":\"0\",\"styling_json\":\"\",\"active\":\"0\",\"kml\":\"\",\"bicycle\":\"2\",\"traffic\":\"2\",\"dbox\":\"1\",\"dbox_width\":\"100\",\"listmarkers\":\"0\",\"listmarkers_advanced\":\"0\",\"filterbycat\":\"0\",\"ugm_enabled\":\"0\",\"ugm_category_enabled\":\"0\",\"fusion\":\"\",\"map_width_type\":\"\\\\%\",\"map_height_type\":\"px\",\"mass_marker_support\":\"1\",\"ugm_access\":\"0\",\"order_markers_by\":\"1\",\"order_markers_choice\":\"2\",\"show_user_location\":\"0\",\"default_to\":\"\",\"other_settings\":{\"store_locator_enabled\":2,\"store_locator_distance\":2,\"store_locator_default_radius\":\"10\",\"store_locator_not_found_message\":\"Localisation inconnue.\",\"store_locator_bounce\":1,\"store_locator_query_string\":\"Code Postal \\\/ Adresse\",\"store_locator_default_address\":\"\",\"wpgmza_store_locator_restrict\":\"\",\"store_locator_style\":\"modern\",\"wpgmza_store_locator_radius_style\":\"modern\",\"map_max_zoom\":\"1\",\"transport_layer\":2,\"wpgmza_show_points_of_interest\":0}}' data-shortcode-attributes='{\"id\":\"1\"}' style=\"display:block; overflow:auto; width:90%; height:400px; margin-left:auto !important; margin-right:auto; !important; align:center;\"><\/div>\n\n\n\n<p class=\"has-text-align-center has-medium-font-size\"><br><br><br><\/p>\n","protected":false},"excerpt":{"rendered":"<p>MAIRIE de CHAMPAGNE-SUR-LOUE 18 Rue du Pav\u00e939600 CHAMPAGNE-SUR-LOUE T\u00e9l\u00e9phone : 03 84 37 69 12email : mairie.champagnesurloue@valdamour.com Permanence La Maire ou l&#8217;un de ses adjoints vous accueille avec la Secr\u00e9taire de Mairie Vendredi de 10h \u00e0 12h ou 14h \u00e0 15h30ou + sur rendez-vous<\/p>\n","protected":false},"author":1,"featured_media":0,"parent":0,"menu_order":0,"comment_status":"closed","ping_status":"closed","template":"template-fullwidth.php","meta":[],"_links":{"self":[{"href":"https:\/\/www.champagne-sur-loue.fr\/index.php\/wp-json\/wp\/v2\/pages\/4638"}],"collection":[{"href":"https:\/\/www.champagne-sur-loue.fr\/index.php\/wp-json\/wp\/v2\/pages"}],"about":[{"href":"https:\/\/www.champagne-sur-loue.fr\/index.php\/wp-json\/wp\/v2\/types\/page"}],"author":[{"embeddable":true,"href":"https:\/\/www.champagne-sur-loue.fr\/index.php\/wp-json\/wp\/v2\/users\/1"}],"replies":[{"embeddable":true,"href":"https:\/\/www.champagne-sur-loue.fr\/index.php\/wp-json\/wp\/v2\/comments?post=4638"}],"version-history":[{"count":41,"href":"https:\/\/www.champagne-sur-loue.fr\/index.php\/wp-json\/wp\/v2\/pages\/4638\/revisions"}],"predecessor-version":[{"id":6817,"href":"https:\/\/www.champagne-sur-loue.fr\/index.php\/wp-json\/wp\/v2\/pages\/4638\/revisions\/6817"}],"wp:attachment":[{"href":"https:\/\/www.champagne-sur-loue.fr\/index.php\/wp-json\/wp\/v2\/media?parent=4638"}],"curies":[{"name":"wp","href":"https:\/\/api.w.org\/{rel}","templated":true}]}}