{"id":5545,"date":"2019-01-25T09:36:55","date_gmt":"2019-01-25T08:36:55","guid":{"rendered":"http:\/\/www.champagne-sur-loue.fr\/?page_id=5545"},"modified":"2019-03-05T23:44:25","modified_gmt":"2019-03-05T22:44:25","slug":"dechets-eau-air","status":"publish","type":"page","link":"http:\/\/www.champagne-sur-loue.fr\/index.php\/environnement\/dechets-eau-air\/","title":{"rendered":"D\u00e9chets &#8211; eau &#8211; air"},"content":{"rendered":"\n\n<div class=\"su-posts su-posts-default-loop\">\n\n\t\n\t\t\n\t\t\t<div id=\"su-post-6869\" class=\"su-post\">\n\n\t\t\t\t\n\t\t\t\t<h2 class=\"su-post-title\"><a href=\"http:\/\/www.champagne-sur-loue.fr\/index.php\/2025\/11\/24\/lien-vigicrue\/\">lien Vigicrues<\/a><\/h2>\n\n\t\t\t\t<div class=\"su-post-meta\">\n\t\t\t\t\tPubli\u00e9: 24 novembre 2025\t\t\t\t<\/div>\n\n\t\t\t\t<div class=\"su-post-excerpt\">\n\t\t\t\t\t<p>https:\/\/www.vigicrues.gouv.fr\/station\/U263401001<\/p>\n\t\t\t\t<\/div>\n\n\t\t\t\t\n\t\t\t<\/div>\n\n\t\t\n\t\t\t<div id=\"su-post-6774\" class=\"su-post\">\n\n\t\t\t\t\n\t\t\t\t<h2 class=\"su-post-title\"><a href=\"http:\/\/www.champagne-sur-loue.fr\/index.php\/2023\/08\/04\/arrete-interdiction-de-baignade\/\">ARRETE INTERDICTION DE BAIGNADE<\/a><\/h2>\n\n\t\t\t\t<div class=\"su-post-meta\">\n\t\t\t\t\tPubli\u00e9: 4 ao\u00fbt 2023\t\t\t\t<\/div>\n\n\t\t\t\t<div class=\"su-post-excerpt\">\n\t\t\t\t\t<p>EN RAISON DE PRESENCE DE CYANOBACTERIES DANS LES ANALYSES DE L&#8217;ARS, LA BAIGNADE EST INTERDITE SUR LE SITE DE LA LOUE AU PONT DE LA LOUE ET SUR TOUT LE TERRITOIRE DE LA COMMUNE DE CHAMPAGNE SUR LOUE JUSQU&#8217;A NOUVEL ORDRE LES ACTIVITES NAUTIQUES SONT EGALEMENT INTERDITES VOIR CI DESSOUS L&#8217;ARRETE MUNICIPAL ET L&#8217;AVIS D&#8217;INTERDICTION &hellip;<\/p>\n\t\t\t\t<\/div>\n\n\t\t\t\t\n\t\t\t<\/div>\n\n\t\t\n\t\t\t<div id=\"su-post-6763\" class=\"su-post\">\n\n\t\t\t\t\t\t\t\t\t<a class=\"su-post-thumbnail\" href=\"http:\/\/www.champagne-sur-loue.fr\/index.php\/2023\/07\/07\/arrete-de-secheresse-2023-06-30-001\/\"><img width=\"4238\" height=\"2993\" src=\"http:\/\/www.champagne-sur-loue.fr\/wp-content\/uploads\/2023\/07\/Affiche_2023_VIGILANCE_E-ALERETE_NE-2-pdf.jpg\" class=\"attachment-post-thumbnail size-post-thumbnail wp-post-image\" alt=\"\" loading=\"lazy\" \/><\/a>\n\t\t\t\t\n\t\t\t\t<h2 class=\"su-post-title\"><a href=\"http:\/\/www.champagne-sur-loue.fr\/index.php\/2023\/07\/07\/arrete-de-secheresse-2023-06-30-001\/\">Arr\u00eat\u00e9 de s\u00e9cheresse 2023 06 30 001<\/a><\/h2>\n\n\t\t\t\t<div class=\"su-post-meta\">\n\t\t\t\t\tPubli\u00e9: 7 juillet 2023\t\t\t\t<\/div>\n\n\t\t\t\t<div class=\"su-post-excerpt\">\n\t\t\t\t\t\t\t\t\t<\/div>\n\n\t\t\t\t\n\t\t\t<\/div>\n\n\t\t\n\t\t\t<div id=\"su-post-6645\" class=\"su-post\">\n\n\t\t\t\t\n\t\t\t\t<h2 class=\"su-post-title\"><a href=\"http:\/\/www.champagne-sur-loue.fr\/index.php\/2022\/08\/05\/gestion-des-dechets\/\">Gestion des d\u00e9chets :<\/a><\/h2>\n\n\t\t\t\t<div class=\"su-post-meta\">\n\t\t\t\t\tPubli\u00e9: 5 ao\u00fbt 2022\t\t\t\t<\/div>\n\n\t\t\t\t<div class=\"su-post-excerpt\">\n\t\t\t\t\t<p>Collecte des bacs gris tous les mercredis Collecte des bacs de recyclage \u00e0 partir du mercredi 21 juin 2023 puis tous les 15 jours semaine impaire Pour les badges de d\u00e9cheterie, veuillez consulter la rubrique d\u00e9ch\u00e8terie du site du Sictom de Dole https:\/\/www.sictomdole.fr\/ Les horaires de la d\u00e9ch\u00e8terie, sont :<\/p>\n\t\t\t\t<\/div>\n\n\t\t\t\t\n\t\t\t<\/div>\n\n\t\t\n\t\t\t<div id=\"su-post-6615\" class=\"su-post\">\n\n\t\t\t\t\t\t\t\t\t<a class=\"su-post-thumbnail\" href=\"http:\/\/www.champagne-sur-loue.fr\/index.php\/2022\/07\/29\/analyses-de-leau-par-lars\/\"><img width=\"361\" height=\"200\" src=\"http:\/\/www.champagne-sur-loue.fr\/wp-content\/uploads\/2022\/07\/ars-1-e1659085891424.jpg\" class=\"attachment-post-thumbnail size-post-thumbnail wp-post-image\" alt=\"\" loading=\"lazy\" srcset=\"http:\/\/www.champagne-sur-loue.fr\/wp-content\/uploads\/2022\/07\/ars-1-e1659085891424.jpg 361w, http:\/\/www.champagne-sur-loue.fr\/wp-content\/uploads\/2022\/07\/ars-1-e1659085891424-300x166.jpg 300w\" sizes=\"(max-width: 361px) 100vw, 361px\" \/><\/a>\n\t\t\t\t\n\t\t\t\t<h2 class=\"su-post-title\"><a href=\"http:\/\/www.champagne-sur-loue.fr\/index.php\/2022\/07\/29\/analyses-de-leau-par-lars\/\">ANALYSES de l&#8217;eau par l&#8217;ARS<\/a><\/h2>\n\n\t\t\t\t<div class=\"su-post-meta\">\n\t\t\t\t\tPubli\u00e9: 29 juillet 2022\t\t\t\t<\/div>\n\n\t\t\t\t<div class=\"su-post-excerpt\">\n\t\t\t\t\t<p>INTERDICTION DE BAIGNADE POUR CYANOBACTERIES La qualit\u00e9 des eaux de baignade est mesur\u00e9e et v\u00e9rifi\u00e9e en p\u00e9riode estivale, elle est consultable ci dessous : https:\/\/baignades.sante.gouv.fr\/baignades\/consultSite.do?dptddass=039&amp;plv=no&amp;idCarte=fra&amp;annee=2023&amp;site=039001959&amp;xmin=642756.880012528&amp;ymin=5945035.389151447&amp;xmax=649445.119987472&amp;ymax=5949621.610848553<\/p>\n\t\t\t\t<\/div>\n\n\t\t\t\t\n\t\t\t<\/div>\n\n\t\t\n\t\t\t<div id=\"su-post-6316\" class=\"su-post\">\n\n\t\t\t\t\t\t\t\t\t<a class=\"su-post-thumbnail\" href=\"http:\/\/www.champagne-sur-loue.fr\/index.php\/2020\/10\/26\/arrete-prefectoral\/\"><img width=\"300\" height=\"300\" src=\"http:\/\/www.champagne-sur-loue.fr\/wp-content\/uploads\/2020\/06\/logo_prefecture_Jura.jpg\" class=\"attachment-post-thumbnail size-post-thumbnail wp-post-image\" alt=\"\" loading=\"lazy\" srcset=\"http:\/\/www.champagne-sur-loue.fr\/wp-content\/uploads\/2020\/06\/logo_prefecture_Jura.jpg 300w, http:\/\/www.champagne-sur-loue.fr\/wp-content\/uploads\/2020\/06\/logo_prefecture_Jura-150x150.jpg 150w, http:\/\/www.champagne-sur-loue.fr\/wp-content\/uploads\/2020\/06\/logo_prefecture_Jura-60x60.jpg 60w\" sizes=\"(max-width: 300px) 100vw, 300px\" \/><\/a>\n\t\t\t\t\n\t\t\t\t<h2 class=\"su-post-title\"><a href=\"http:\/\/www.champagne-sur-loue.fr\/index.php\/2020\/10\/26\/arrete-prefectoral\/\">ARRETES PREFECTORAUX<\/a><\/h2>\n\n\t\t\t\t<div class=\"su-post-meta\">\n\t\t\t\t\tPubli\u00e9: 26 octobre 2020\t\t\t\t<\/div>\n\n\t\t\t\t<div class=\"su-post-excerpt\">\n\t\t\t\t\t\t\t\t\t<\/div>\n\n\t\t\t\t\n\t\t\t<\/div>\n\n\t\t\n\t\n<\/div>\n\n\n\n\n<p><\/p>\n","protected":false},"excerpt":{"rendered":"","protected":false},"author":3,"featured_media":0,"parent":5240,"menu_order":1,"comment_status":"closed","ping_status":"closed","template":"template-fullwidth.php","meta":[],"_links":{"self":[{"href":"http:\/\/www.champagne-sur-loue.fr\/index.php\/wp-json\/wp\/v2\/pages\/5545"}],"collection":[{"href":"http:\/\/www.champagne-sur-loue.fr\/index.php\/wp-json\/wp\/v2\/pages"}],"about":[{"href":"http:\/\/www.champagne-sur-loue.fr\/index.php\/wp-json\/wp\/v2\/types\/page"}],"author":[{"embeddable":true,"href":"http:\/\/www.champagne-sur-loue.fr\/index.php\/wp-json\/wp\/v2\/users\/3"}],"replies":[{"embeddable":true,"href":"http:\/\/www.champagne-sur-loue.fr\/index.php\/wp-json\/wp\/v2\/comments?post=5545"}],"version-history":[{"count":3,"href":"http:\/\/www.champagne-sur-loue.fr\/index.php\/wp-json\/wp\/v2\/pages\/5545\/revisions"}],"predecessor-version":[{"id":5892,"href":"http:\/\/www.champagne-sur-loue.fr\/index.php\/wp-json\/wp\/v2\/pages\/5545\/revisions\/5892"}],"up":[{"embeddable":true,"href":"http:\/\/www.champagne-sur-loue.fr\/index.php\/wp-json\/wp\/v2\/pages\/5240"}],"wp:attachment":[{"href":"http:\/\/www.champagne-sur-loue.fr\/index.php\/wp-json\/wp\/v2\/media?parent=5545"}],"curies":[{"name":"wp","href":"https:\/\/api.w.org\/{rel}","templated":true}]}}