{"id":5283,"date":"2018-12-18T10:24:49","date_gmt":"2018-12-18T09:24:49","guid":{"rendered":"http:\/\/www.champagne-sur-loue.fr\/?page_id=5283"},"modified":"2019-01-17T16:31:00","modified_gmt":"2019-01-17T15:31:00","slug":"revue-de-presse","status":"publish","type":"page","link":"http:\/\/www.champagne-sur-loue.fr\/index.php\/actualites\/revue-de-presse\/","title":{"rendered":"Revue de presse"},"content":{"rendered":"\n\n<div class=\"su-posts su-posts-default-loop\">\n\n\t\n\t\t\n\t\t\t<div id=\"su-post-6844\" class=\"su-post\">\n\n\t\t\t\t\n\t\t\t\t<h2 class=\"su-post-title\"><a href=\"http:\/\/www.champagne-sur-loue.fr\/index.php\/2025\/02\/21\/conseils-municipaux-2025\/\">Conseils municipaux 2025<\/a><\/h2>\n\n\t\t\t\t<div class=\"su-post-meta\">\n\t\t\t\t\tPubli\u00e9: 21 f\u00e9vrier 2025\t\t\t\t<\/div>\n\n\t\t\t\t<div class=\"su-post-excerpt\">\n\t\t\t\t\t\t\t\t\t<\/div>\n\n\t\t\t\t\n\t\t\t<\/div>\n\n\t\t\n\t\t\t<div id=\"su-post-5304\" class=\"su-post\">\n\n\t\t\t\t\t\t\t\t\t<a class=\"su-post-thumbnail\" href=\"http:\/\/www.champagne-sur-loue.fr\/index.php\/2022\/03\/10\/bulletin-municipal\/\"><img width=\"1660\" height=\"1660\" src=\"http:\/\/www.champagne-sur-loue.fr\/wp-content\/uploads\/2019\/01\/mairie.jpg\" class=\"attachment-post-thumbnail size-post-thumbnail wp-post-image\" alt=\"\" loading=\"lazy\" srcset=\"http:\/\/www.champagne-sur-loue.fr\/wp-content\/uploads\/2019\/01\/mairie.jpg 1660w, http:\/\/www.champagne-sur-loue.fr\/wp-content\/uploads\/2019\/01\/mairie-150x150.jpg 150w, http:\/\/www.champagne-sur-loue.fr\/wp-content\/uploads\/2019\/01\/mairie-300x300.jpg 300w, http:\/\/www.champagne-sur-loue.fr\/wp-content\/uploads\/2019\/01\/mairie-768x768.jpg 768w, http:\/\/www.champagne-sur-loue.fr\/wp-content\/uploads\/2019\/01\/mairie-1024x1024.jpg 1024w, http:\/\/www.champagne-sur-loue.fr\/wp-content\/uploads\/2019\/01\/mairie-60x60.jpg 60w\" sizes=\"(max-width: 1660px) 100vw, 1660px\" \/><\/a>\n\t\t\t\t\n\t\t\t\t<h2 class=\"su-post-title\"><a href=\"http:\/\/www.champagne-sur-loue.fr\/index.php\/2022\/03\/10\/bulletin-municipal\/\">Bulletin Municipal<\/a><\/h2>\n\n\t\t\t\t<div class=\"su-post-meta\">\n\t\t\t\t\tPubli\u00e9: 10 mars 2022\t\t\t\t<\/div>\n\n\t\t\t\t<div class=\"su-post-excerpt\">\n\t\t\t\t\t\t\t\t\t<\/div>\n\n\t\t\t\t\n\t\t\t<\/div>\n\n\t\t\n\t\t\t<div id=\"su-post-6528\" class=\"su-post\">\n\n\t\t\t\t\t\t\t\t\t<a class=\"su-post-thumbnail\" href=\"http:\/\/www.champagne-sur-loue.fr\/index.php\/2021\/11\/16\/commemoration-leon-mesny-de-boisseau-du-17-octobre-2021\/\"><img width=\"536\" height=\"473\" src=\"http:\/\/www.champagne-sur-loue.fr\/wp-content\/uploads\/2021\/11\/portrait-leon-mesny-de-boisseau.jpg\" class=\"attachment-post-thumbnail size-post-thumbnail wp-post-image\" alt=\"\" loading=\"lazy\" srcset=\"http:\/\/www.champagne-sur-loue.fr\/wp-content\/uploads\/2021\/11\/portrait-leon-mesny-de-boisseau.jpg 536w, http:\/\/www.champagne-sur-loue.fr\/wp-content\/uploads\/2021\/11\/portrait-leon-mesny-de-boisseau-300x265.jpg 300w\" sizes=\"(max-width: 536px) 100vw, 536px\" \/><\/a>\n\t\t\t\t\n\t\t\t\t<h2 class=\"su-post-title\"><a href=\"http:\/\/www.champagne-sur-loue.fr\/index.php\/2021\/11\/16\/commemoration-leon-mesny-de-boisseau-du-17-octobre-2021\/\">Comm\u00e9moration L\u00e9on Mesny de Boisseaux<\/a><\/h2>\n\n\t\t\t\t<div class=\"su-post-meta\">\n\t\t\t\t\tPubli\u00e9: 16 novembre 2021\t\t\t\t<\/div>\n\n\t\t\t\t<div class=\"su-post-excerpt\">\n\t\t\t\t\t<p>Cette journ\u00e9e a \u00e9t\u00e9 organis\u00e9e le 17 octobre 2021, en M\u00e9moire de L\u00e9on Mesny de Boisseaux Mort pour la France le 20 novembre 1870, en partenariat avec le Souvenir Fran\u00e7ais. Une exposition a \u00e9t\u00e9 r\u00e9alis\u00e9e \u00e0 l&#8217;aide de Christine MATHIEU et les recherches de Monsieur Eric SERGENT, doctorant en histoire de l&#8217;art du 19\u00e8me si\u00e8cle &hellip;<\/p>\n\t\t\t\t<\/div>\n\n\t\t\t\t\n\t\t\t<\/div>\n\n\t\t\n\t\t\t<div id=\"su-post-6433\" class=\"su-post\">\n\n\t\t\t\t\t\t\t\t\t<a class=\"su-post-thumbnail\" href=\"http:\/\/www.champagne-sur-loue.fr\/index.php\/2021\/05\/07\/travaux-de-restauration-de-leglise-de-champagne-sur-loue\/\"><img width=\"5472\" height=\"3648\" src=\"http:\/\/www.champagne-sur-loue.fr\/wp-content\/uploads\/2018\/12\/DJI_0026.jpg\" class=\"attachment-post-thumbnail size-post-thumbnail wp-post-image\" alt=\"\" loading=\"lazy\" srcset=\"http:\/\/www.champagne-sur-loue.fr\/wp-content\/uploads\/2018\/12\/DJI_0026.jpg 5472w, http:\/\/www.champagne-sur-loue.fr\/wp-content\/uploads\/2018\/12\/DJI_0026-300x200.jpg 300w, http:\/\/www.champagne-sur-loue.fr\/wp-content\/uploads\/2018\/12\/DJI_0026-768x512.jpg 768w, http:\/\/www.champagne-sur-loue.fr\/wp-content\/uploads\/2018\/12\/DJI_0026-1024x683.jpg 1024w\" sizes=\"(max-width: 5472px) 100vw, 5472px\" \/><\/a>\n\t\t\t\t\n\t\t\t\t<h2 class=\"su-post-title\"><a href=\"http:\/\/www.champagne-sur-loue.fr\/index.php\/2021\/05\/07\/travaux-de-restauration-de-leglise-de-champagne-sur-loue\/\">Travaux de restauration de l&#8217;Eglise de Champagne sur Loue<\/a><\/h2>\n\n\t\t\t\t<div class=\"su-post-meta\">\n\t\t\t\t\tPubli\u00e9: 7 mai 2021\t\t\t\t<\/div>\n\n\t\t\t\t<div class=\"su-post-excerpt\">\n\t\t\t\t\t<p>Afin de soutenir le projet de restauration de toiture et de mise aux normes des installations \u00e9lectriques de l&#8217;Eglise, une convention a \u00e9t\u00e9 conclue avec la Fondation du Patrimoine. Renseignement : www.fondation-patrimoine.org\/73007 Les travaux ont commenc\u00e9 le 3 mai, voici les premi\u00e8res photos !!<\/p>\n\t\t\t\t<\/div>\n\n\t\t\t\t\n\t\t\t<\/div>\n\n\t\t\n\t\t\t<div id=\"su-post-6462\" class=\"su-post\">\n\n\t\t\t\t\t\t\t\t\t<a class=\"su-post-thumbnail\" href=\"http:\/\/www.champagne-sur-loue.fr\/index.php\/2021\/05\/04\/camping-la-louve\/\"><img width=\"336\" height=\"253\" src=\"http:\/\/www.champagne-sur-loue.fr\/wp-content\/uploads\/2021\/05\/logo-louve.jpg\" class=\"attachment-post-thumbnail size-post-thumbnail wp-post-image\" alt=\"\" loading=\"lazy\" srcset=\"http:\/\/www.champagne-sur-loue.fr\/wp-content\/uploads\/2021\/05\/logo-louve.jpg 336w, http:\/\/www.champagne-sur-loue.fr\/wp-content\/uploads\/2021\/05\/logo-louve-300x226.jpg 300w\" sizes=\"(max-width: 336px) 100vw, 336px\" \/><\/a>\n\t\t\t\t\n\t\t\t\t<h2 class=\"su-post-title\"><a href=\"http:\/\/www.champagne-sur-loue.fr\/index.php\/2021\/05\/04\/camping-la-louve\/\">Camping La louve<\/a><\/h2>\n\n\t\t\t\t<div class=\"su-post-meta\">\n\t\t\t\t\tPubli\u00e9: 4 mai 2021\t\t\t\t<\/div>\n\n\t\t\t\t<div class=\"su-post-excerpt\">\n\t\t\t\t\t<p>Nous vous invitons \u00e0 vous rendre dans la rubrique tourisme de notre site internet pour d\u00e9couvrir Le Camping La Louve, qui ouvrira d\u00e8s le 8 mai 2021 http:\/\/www.champagne-sur-loue.fr\/index.php\/tourisme\/<\/p>\n\t\t\t\t<\/div>\n\n\t\t\t\t\n\t\t\t<\/div>\n\n\t\t\n\t\t\t<div id=\"su-post-6316\" class=\"su-post\">\n\n\t\t\t\t\t\t\t\t\t<a class=\"su-post-thumbnail\" href=\"http:\/\/www.champagne-sur-loue.fr\/index.php\/2020\/10\/26\/arrete-prefectoral\/\"><img width=\"300\" height=\"300\" src=\"http:\/\/www.champagne-sur-loue.fr\/wp-content\/uploads\/2020\/06\/logo_prefecture_Jura.jpg\" class=\"attachment-post-thumbnail size-post-thumbnail wp-post-image\" alt=\"\" loading=\"lazy\" srcset=\"http:\/\/www.champagne-sur-loue.fr\/wp-content\/uploads\/2020\/06\/logo_prefecture_Jura.jpg 300w, http:\/\/www.champagne-sur-loue.fr\/wp-content\/uploads\/2020\/06\/logo_prefecture_Jura-150x150.jpg 150w, http:\/\/www.champagne-sur-loue.fr\/wp-content\/uploads\/2020\/06\/logo_prefecture_Jura-60x60.jpg 60w\" sizes=\"(max-width: 300px) 100vw, 300px\" \/><\/a>\n\t\t\t\t\n\t\t\t\t<h2 class=\"su-post-title\"><a href=\"http:\/\/www.champagne-sur-loue.fr\/index.php\/2020\/10\/26\/arrete-prefectoral\/\">ARRETES PREFECTORAUX<\/a><\/h2>\n\n\t\t\t\t<div class=\"su-post-meta\">\n\t\t\t\t\tPubli\u00e9: 26 octobre 2020\t\t\t\t<\/div>\n\n\t\t\t\t<div class=\"su-post-excerpt\">\n\t\t\t\t\t\t\t\t\t<\/div>\n\n\t\t\t\t\n\t\t\t<\/div>\n\n\t\t\n\t\t\t<div id=\"su-post-5957\" class=\"su-post\">\n\n\t\t\t\t\t\t\t\t\t<a class=\"su-post-thumbnail\" href=\"http:\/\/www.champagne-sur-loue.fr\/index.php\/2020\/07\/09\/agenda\/\"><img width=\"800\" height=\"800\" src=\"http:\/\/www.champagne-sur-loue.fr\/wp-content\/uploads\/2016\/06\/actu-1.jpg\" class=\"attachment-post-thumbnail size-post-thumbnail wp-post-image\" alt=\"\" loading=\"lazy\" srcset=\"http:\/\/www.champagne-sur-loue.fr\/wp-content\/uploads\/2016\/06\/actu-1.jpg 800w, http:\/\/www.champagne-sur-loue.fr\/wp-content\/uploads\/2016\/06\/actu-1-150x150.jpg 150w, http:\/\/www.champagne-sur-loue.fr\/wp-content\/uploads\/2016\/06\/actu-1-300x300.jpg 300w, http:\/\/www.champagne-sur-loue.fr\/wp-content\/uploads\/2016\/06\/actu-1-768x768.jpg 768w, http:\/\/www.champagne-sur-loue.fr\/wp-content\/uploads\/2016\/06\/actu-1-60x60.jpg 60w\" sizes=\"(max-width: 800px) 100vw, 800px\" \/><\/a>\n\t\t\t\t\n\t\t\t\t<h2 class=\"su-post-title\"><a href=\"http:\/\/www.champagne-sur-loue.fr\/index.php\/2020\/07\/09\/agenda\/\">Services des Imp\u00f4ts<\/a><\/h2>\n\n\t\t\t\t<div class=\"su-post-meta\">\n\t\t\t\t\tPubli\u00e9: 9 juillet 2020\t\t\t\t<\/div>\n\n\t\t\t\t<div class=\"su-post-excerpt\">\n\t\t\t\t\t<p>A partir du 1er janvier 2021 : Le service des Imp\u00f4ts des Particuliers de Poligny est transf\u00e9r\u00e9 au Service des Imp\u00f4ts des Particuliers de Dole Contact : 136 avenue L\u00e9on Jouhaux 39100 DOLE 03 84 72 25 82 Pour une visite, prendre rendez vous soit par t\u00e9l\u00e9phone ou sur impot.gouv.fr, rubrique contact<\/p>\n\t\t\t\t<\/div>\n\n\t\t\t\t\n\t\t\t<\/div>\n\n\t\t\n\t\t\t<div id=\"su-post-6231\" class=\"su-post\">\n\n\t\t\t\t\n\t\t\t\t<h2 class=\"su-post-title\"><a href=\"http:\/\/www.champagne-sur-loue.fr\/index.php\/2020\/01\/31\/repas-des-aines-2020\/\">Repas des ain\u00e9s 2020<\/a><\/h2>\n\n\t\t\t\t<div class=\"su-post-meta\">\n\t\t\t\t\tPubli\u00e9: 31 janvier 2020\t\t\t\t<\/div>\n\n\t\t\t\t<div class=\"su-post-excerpt\">\n\t\t\t\t\t<p>Le repas des ain\u00e9s 2020 a \u00e9t\u00e9 convivial et l&#8217;occasion pour le Maire de pr\u00e9senter ses v\u0153ux \u00e0 la population. disponible au format pdf, en cliquant sur le lien ci dessus.<\/p>\n\t\t\t\t<\/div>\n\n\t\t\t\t\n\t\t\t<\/div>\n\n\t\t\n\t\t\t<div id=\"su-post-6179\" class=\"su-post\">\n\n\t\t\t\t\t\t\t\t\t<a class=\"su-post-thumbnail\" href=\"http:\/\/www.champagne-sur-loue.fr\/index.php\/2019\/11\/19\/bulletin-municipal-automne-2019\/\"><img width=\"2000\" height=\"300\" src=\"http:\/\/www.champagne-sur-loue.fr\/wp-content\/uploads\/2019\/02\/Logo-Champagne-3.png\" class=\"attachment-post-thumbnail size-post-thumbnail wp-post-image\" alt=\"\" loading=\"lazy\" srcset=\"http:\/\/www.champagne-sur-loue.fr\/wp-content\/uploads\/2019\/02\/Logo-Champagne-3.png 2000w, http:\/\/www.champagne-sur-loue.fr\/wp-content\/uploads\/2019\/02\/Logo-Champagne-3-300x45.png 300w, http:\/\/www.champagne-sur-loue.fr\/wp-content\/uploads\/2019\/02\/Logo-Champagne-3-768x115.png 768w, http:\/\/www.champagne-sur-loue.fr\/wp-content\/uploads\/2019\/02\/Logo-Champagne-3-1024x154.png 1024w\" sizes=\"(max-width: 2000px) 100vw, 2000px\" \/><\/a>\n\t\t\t\t\n\t\t\t\t<h2 class=\"su-post-title\"><a href=\"http:\/\/www.champagne-sur-loue.fr\/index.php\/2019\/11\/19\/bulletin-municipal-automne-2019\/\">Bulletin municipal Automne 2019<\/a><\/h2>\n\n\t\t\t\t<div class=\"su-post-meta\">\n\t\t\t\t\tPubli\u00e9: 19 novembre 2019\t\t\t\t<\/div>\n\n\t\t\t\t<div class=\"su-post-excerpt\">\n\t\t\t\t\t\t\t\t\t<\/div>\n\n\t\t\t\t\n\t\t\t<\/div>\n\n\t\t\n\t\t\t<div id=\"su-post-6082\" class=\"su-post\">\n\n\t\t\t\t\n\t\t\t\t<h2 class=\"su-post-title\"><a href=\"http:\/\/www.champagne-sur-loue.fr\/index.php\/2019\/06\/28\/semeurs-du-val-damour\/\">Semeurs du Val D&#8217;Amour<\/a><\/h2>\n\n\t\t\t\t<div class=\"su-post-meta\">\n\t\t\t\t\tPubli\u00e9: 28 juin 2019\t\t\t\t<\/div>\n\n\t\t\t\t<div class=\"su-post-excerpt\">\n\t\t\t\t\t<p>Les 21, 22 et 23 Juin 2019 : Les SEMEURS du Val d&#8217;Amour Manifestation musicale et th\u00e9\u00e2trale, organis\u00e9e par la CCVA,anim\u00e9e par la Compagnie Divertimento, en partenariat avec le Little Town de Cramans et le Comit\u00e9 des F\u00eates de CHAMPAGNE- SUR- LOUE.<\/p>\n\t\t\t\t<\/div>\n\n\t\t\t\t\n\t\t\t<\/div>\n\n\t\t\n\t\t\t<div id=\"su-post-6019\" class=\"su-post\">\n\n\t\t\t\t\t\t\t\t\t<a class=\"su-post-thumbnail\" href=\"http:\/\/www.champagne-sur-loue.fr\/index.php\/2019\/06\/04\/inauguration-de-la-caborde-a-la-vigne-conservatoire-et-remise-du-prix-renou\/\"><img width=\"1020\" height=\"673\" src=\"http:\/\/www.champagne-sur-loue.fr\/wp-content\/uploads\/2019\/06\/Inauguration-Caborde-Ruban.jpg\" class=\"attachment-post-thumbnail size-post-thumbnail wp-post-image\" alt=\"\" loading=\"lazy\" srcset=\"http:\/\/www.champagne-sur-loue.fr\/wp-content\/uploads\/2019\/06\/Inauguration-Caborde-Ruban.jpg 1020w, http:\/\/www.champagne-sur-loue.fr\/wp-content\/uploads\/2019\/06\/Inauguration-Caborde-Ruban-300x198.jpg 300w, http:\/\/www.champagne-sur-loue.fr\/wp-content\/uploads\/2019\/06\/Inauguration-Caborde-Ruban-768x507.jpg 768w\" sizes=\"(max-width: 1020px) 100vw, 1020px\" \/><\/a>\n\t\t\t\t\n\t\t\t\t<h2 class=\"su-post-title\"><a href=\"http:\/\/www.champagne-sur-loue.fr\/index.php\/2019\/06\/04\/inauguration-de-la-caborde-a-la-vigne-conservatoire-et-remise-du-prix-renou\/\">INAUGURATION DE LA CABORDE A LA VIGNE CONSERVATOIRE ET REMISE DU PRIX RENOU<\/a><\/h2>\n\n\t\t\t\t<div class=\"su-post-meta\">\n\t\t\t\t\tPubli\u00e9: 4 juin 2019\t\t\t\t<\/div>\n\n\t\t\t\t<div class=\"su-post-excerpt\">\n\t\t\t\t\t\t\t\t\t<\/div>\n\n\t\t\t\t\n\t\t\t<\/div>\n\n\t\t\n\t\n<\/div>\n\n","protected":false},"excerpt":{"rendered":"","protected":false},"author":1,"featured_media":0,"parent":4876,"menu_order":0,"comment_status":"closed","ping_status":"closed","template":"template-fullwidth.php","meta":[],"_links":{"self":[{"href":"http:\/\/www.champagne-sur-loue.fr\/index.php\/wp-json\/wp\/v2\/pages\/5283"}],"collection":[{"href":"http:\/\/www.champagne-sur-loue.fr\/index.php\/wp-json\/wp\/v2\/pages"}],"about":[{"href":"http:\/\/www.champagne-sur-loue.fr\/index.php\/wp-json\/wp\/v2\/types\/page"}],"author":[{"embeddable":true,"href":"http:\/\/www.champagne-sur-loue.fr\/index.php\/wp-json\/wp\/v2\/users\/1"}],"replies":[{"embeddable":true,"href":"http:\/\/www.champagne-sur-loue.fr\/index.php\/wp-json\/wp\/v2\/comments?post=5283"}],"version-history":[{"count":4,"href":"http:\/\/www.champagne-sur-loue.fr\/index.php\/wp-json\/wp\/v2\/pages\/5283\/revisions"}],"predecessor-version":[{"id":5768,"href":"http:\/\/www.champagne-sur-loue.fr\/index.php\/wp-json\/wp\/v2\/pages\/5283\/revisions\/5768"}],"up":[{"embeddable":true,"href":"http:\/\/www.champagne-sur-loue.fr\/index.php\/wp-json\/wp\/v2\/pages\/4876"}],"wp:attachment":[{"href":"http:\/\/www.champagne-sur-loue.fr\/index.php\/wp-json\/wp\/v2\/media?parent=5283"}],"curies":[{"name":"wp","href":"https:\/\/api.w.org\/{rel}","templated":true}]}}