{"id":4943,"date":"2016-06-27T12:35:29","date_gmt":"2016-06-27T12:35:29","guid":{"rendered":"http:\/\/capethemes.com\/demo\/cityofwp\/?page_id=4943"},"modified":"2023-04-14T13:30:26","modified_gmt":"2023-04-14T11:30:26","slug":"vos-elus","status":"publish","type":"page","link":"http:\/\/www.champagne-sur-loue.fr\/index.php\/vos-elus\/","title":{"rendered":"Vos Elus"},"content":{"rendered":"\n<p class=\"has-text-align-left has-medium-font-size\"><strong>Maire<\/strong>&nbsp;:<br>Mme Marie-Christine&nbsp;PAILLOT<\/p>\n\n\n\n<p class=\"has-text-align-left has-medium-font-size\"><br><strong>1er Adjoint&nbsp;:<br><\/strong>M. Jean-Baptiste VOINOT<br><br><strong>2\u00e8me Adjoint :<br><\/strong>M. Jean-No\u00ebl COTE<br><br><strong>Conseillers municipaux :<br><\/strong><\/p>\n\n\n<p class=\"has-text-align-left\" style=\"margin: 0cm; margin-bottom: .0001pt;\">Mme Sylviane BERNISSON<\/p>\n<p class=\"has-text-align-left\" style=\"margin: 0cm; margin-bottom: .0001pt;\">Mme Agn\u00e8s CAILLET<\/p>\n<p class=\"has-text-align-left\" style=\"margin: 0cm; margin-bottom: .0001pt;\">Mme Maryline COLMAGNE<\/p>\n<p class=\"has-text-align-left\" style=\"margin: 0cm; margin-bottom: .0001pt;\">M. Jacques GASNER<\/p>\n<p class=\"has-text-align-left\" style=\"margin: 0cm; margin-bottom: .0001pt;\">M. Pascal GRABY<\/p>\n<p class=\"has-text-align-left\" style=\"margin: 0cm; margin-bottom: .0001pt;\">M. Michel HUGOT<\/p>\n<p class=\"has-text-align-left\" style=\"margin: 0cm; margin-bottom: .0001pt;\">Mme Dominique MARTEAU<\/p>\n<p><!-- \/wp:paragraph --><!-- wp:paragraph {\"align\":\"left\",\"fontSize\":\"medium\"} --><\/p>\n<p><!-- \/wp:paragraph --><!-- wp:paragraph {\"align\":\"left\",\"fontSize\":\"medium\"} --><\/p>\n<p><!-- \/wp:paragraph --><!--EndFragment--><\/p>\n<p>\u00a0<\/p>\n<p><!-- wp:paragraph --><\/p>\n<p><!-- \/wp:paragraph --><\/p>\n<p><!-- wp:paragraph {\"fontSize\":\"medium\"} --><\/p>\n<p class=\"has-medium-font-size\"><strong>Secr\u00e9taire de Mairie<\/strong> : Mme Elodie LAMARD<\/p>\n<p><!-- \/wp:paragraph --><\/p>\n<p><!-- wp:paragraph --><\/p>\n<p><!-- \/wp:paragraph --><\/p>\n<p><!-- wp:paragraph --><\/p>\n<p><!-- \/wp:paragraph --><\/p>\n<p><!-- wp:paragraph --><\/p>\n<p><!-- \/wp:paragraph --><\/p>\n<p><!-- wp:paragraph --><\/p>\n<p><!-- \/wp:paragraph --><\/p>\n<p><!-- wp:paragraph --><\/p>\n<p><!-- \/wp:paragraph --><\/p>","protected":false},"excerpt":{"rendered":"<p>Maire&nbsp;:Mme Marie-Christine&nbsp;PAILLOT 1er Adjoint&nbsp;:M. Jean-Baptiste VOINOT2\u00e8me Adjoint :M. Jean-No\u00ebl COTEConseillers municipaux : Mme Sylviane BERNISSON Mme Agn\u00e8s CAILLET Mme Maryline COLMAGNE M. Jacques GASNER M. Pascal GRABY M. Michel HUGOT Mme Dominique MARTEAU \u00a0 Secr\u00e9taire de Mairie : Mme Elodie LAMARD<\/p>\n","protected":false},"author":1,"featured_media":0,"parent":0,"menu_order":0,"comment_status":"closed","ping_status":"closed","template":"template-fullwidth.php","meta":[],"_links":{"self":[{"href":"http:\/\/www.champagne-sur-loue.fr\/index.php\/wp-json\/wp\/v2\/pages\/4943"}],"collection":[{"href":"http:\/\/www.champagne-sur-loue.fr\/index.php\/wp-json\/wp\/v2\/pages"}],"about":[{"href":"http:\/\/www.champagne-sur-loue.fr\/index.php\/wp-json\/wp\/v2\/types\/page"}],"author":[{"embeddable":true,"href":"http:\/\/www.champagne-sur-loue.fr\/index.php\/wp-json\/wp\/v2\/users\/1"}],"replies":[{"embeddable":true,"href":"http:\/\/www.champagne-sur-loue.fr\/index.php\/wp-json\/wp\/v2\/comments?post=4943"}],"version-history":[{"count":15,"href":"http:\/\/www.champagne-sur-loue.fr\/index.php\/wp-json\/wp\/v2\/pages\/4943\/revisions"}],"predecessor-version":[{"id":6713,"href":"http:\/\/www.champagne-sur-loue.fr\/index.php\/wp-json\/wp\/v2\/pages\/4943\/revisions\/6713"}],"wp:attachment":[{"href":"http:\/\/www.champagne-sur-loue.fr\/index.php\/wp-json\/wp\/v2\/media?parent=4943"}],"curies":[{"name":"wp","href":"https:\/\/api.w.org\/{rel}","templated":true}]}}